{"id":6994,"date":"2024-04-26T08:28:07","date_gmt":"2024-04-26T08:28:07","guid":{"rendered":"https:\/\/dapetresii.ro\/?page_id=6994"},"modified":"2024-04-26T08:33:32","modified_gmt":"2024-04-26T08:33:32","slug":"test-certificat-silver","status":"publish","type":"page","link":"https:\/\/dapetresii.ro\/en\/test-certificat-silver\/","title":{"rendered":"Test Certificat Silver"},"content":{"rendered":"<div data-elementor-type=\"wp-page\" data-elementor-id=\"6994\" class=\"elementor elementor-6994\" data-elementor-post-type=\"page\">\n\t\t\t\t\t\t<section class=\"ob-is-breaking-bad elementor-section elementor-top-section elementor-element elementor-element-44c24fe elementor-section-boxed elementor-section-height-default elementor-section-height-default wpr-particle-no wpr-jarallax-no wpr-parallax-no wpr-sticky-section-no wpr-equal-height-no\" data-id=\"44c24fe\" data-element_type=\"section\" data-e-type=\"section\" data-settings=\"{&quot;_ob_bbad_use_it&quot;:&quot;yes&quot;,&quot;_ob_bbad_sssic_use&quot;:&quot;no&quot;,&quot;_ob_glider_is_slider&quot;:&quot;no&quot;}\">\n\t\t\t\t\t\t<div class=\"elementor-container elementor-column-gap-default\">\n\t\t\t\t\t<div class=\"elementor-column elementor-col-100 elementor-top-column elementor-element elementor-element-8f444fd\" data-id=\"8f444fd\" data-element_type=\"column\" data-e-type=\"column\" data-settings=\"{&quot;_ob_bbad_is_stalker&quot;:&quot;no&quot;,&quot;_ob_teleporter_use&quot;:false,&quot;_ob_column_hoveranimator&quot;:&quot;no&quot;,&quot;_ob_column_has_pseudo&quot;:&quot;no&quot;}\">\n\t\t\t<div class=\"elementor-widget-wrap elementor-element-populated\">\n\t\t\t\t\t\t<div class=\"elementor-element elementor-element-4d40b4c ob-has-background-overlay elementor-widget elementor-widget-shortcode\" data-id=\"4d40b4c\" data-element_type=\"widget\" data-e-type=\"widget\" data-settings=\"{&quot;_ob_perspektive_use&quot;:&quot;no&quot;,&quot;_ob_poopart_use&quot;:&quot;yes&quot;,&quot;_ob_shadough_use&quot;:&quot;no&quot;,&quot;_ob_allow_hoveranimator&quot;:&quot;no&quot;,&quot;_ob_widget_stalker_use&quot;:&quot;no&quot;}\" data-widget_type=\"shortcode.default\">\n\t\t\t\t<div class=\"elementor-widget-container\">\n\t\t\t\t\t\t\t<div class=\"elementor-shortcode\"><style id=\"wpforms-css-vars-6982\">\n\t\t\t\t#wpforms-6982 {\n\t\t\t\t\n\t\t\t}\n\t\t\t<\/style><div class=\"wpforms-container wpforms-container-full wpforms-render-modern\" id=\"wpforms-6982\"><form id=\"wpforms-form-6982\" class=\"wpforms-validate wpforms-form\" data-formid=\"6982\" method=\"post\" enctype=\"multipart\/form-data\" action=\"\/wp-json\/wp\/v2\/pages\/6994\" data-token=\"fc50bc76b64c5f8eed213201f3870f86\" data-token-time=\"1776421394\" data-trp-original-action=\"\/en\/wp-json\/wp\/v2\/pages\/6994\"><noscript class=\"wpforms-error-noscript\">Please enable JavaScript in your browser to complete this form.<\/noscript><div id=\"wpforms-error-noscript\" style=\"display: none;\">Please enable JavaScript in your browser to complete this form.<\/div><div class=\"wpforms-field-container\"><div id=\"wpforms-6982-field_1-container\" class=\"wpforms-field wpforms-field-text\" data-field-id=\"1\"><label class=\"wpforms-field-label\" for=\"wpforms-6982-field_1\">Partener <span class=\"wpforms-required-label\" aria-hidden=\"true\">*<\/span><\/label><input type=\"text\" id=\"wpforms-6982-field_1\" class=\"wpforms-field-medium wpforms-field-required\" name=\"wpforms[fields][1]\" placeholder=\"Denumire Companie\" aria-errormessage=\"wpforms-6982-field_1-error\" aria-describedby=\"wpforms-6982-field_1-description\" required><div id=\"wpforms-6982-field_1-description\" class=\"wpforms-field-description\">Compania care vrei s\u0103 apar\u0103 pe certificat. \r\nNU este obligatoriu sa scrii date reale. Scrie inclusiv SC respectiv SRL sau SA.<\/div><\/div><div id=\"wpforms-6982-field_2-container\" class=\"wpforms-field wpforms-field-date-time\" data-field-id=\"2\"><label class=\"wpforms-field-label\" for=\"wpforms-6982-field_2\">Data <span class=\"wpforms-required-label\" aria-hidden=\"true\">*<\/span><\/label><div class=\"wpforms-datepicker-wrap\"><input type=\"text\" id=\"wpforms-6982-field_2\" class=\"wpforms-field-date-time-date wpforms-datepicker wpforms-field-required wpforms-field-medium\" data-date-format=\"d\/m\/Y\" data-disable-past-dates=\"0\" data-input=\"true\" name=\"wpforms[fields][2][date]\" placeholder=\"data care vrei s\u0103 apar\u0103 pe certificat\" aria-errormessage=\"wpforms-6982-field_2-error\" required><a title=\"Clear Date\" data-clear role=\"button\" tabindex=\"0\" class=\"wpforms-datepicker-clear\" aria-label=\"Clear Date\" style=\"display:none;\"><\/a><\/div><\/div><div id=\"wpforms-6982-field_4-container\" class=\"wpforms-field wpforms-field-name\" data-field-id=\"4\"><label class=\"wpforms-field-label\" for=\"wpforms-6982-field_4\">Prenumele \u0219i Numele t\u0103u <span class=\"wpforms-required-label\" aria-hidden=\"true\">*<\/span><\/label><input type=\"text\" id=\"wpforms-6982-field_4\" class=\"wpforms-field-medium wpforms-field-required\" name=\"wpforms[fields][4]\" placeholder=\"prenume \u0219i nume\" aria-errormessage=\"wpforms-6982-field_4-error\" aria-describedby=\"wpforms-6982-field_4-description\" required><div id=\"wpforms-6982-field_4-description\" class=\"wpforms-field-description\">NU este nevoie de un nume real. Email-ul trimis va fi personalizat cu numele pe care-l scrii aici.<\/div><\/div><div id=\"wpforms-6982-field_5-container\" class=\"wpforms-field wpforms-field-email\" data-field-id=\"5\"><label class=\"wpforms-field-label\" for=\"wpforms-6982-field_5\">Email <span class=\"wpforms-required-label\" aria-hidden=\"true\">*<\/span><\/label><input type=\"email\" id=\"wpforms-6982-field_5\" class=\"wpforms-field-small wpforms-field-required\" name=\"wpforms[fields][5]\" placeholder=\"adresa ta de email\" spellcheck=\"false\" aria-errormessage=\"wpforms-6982-field_5-error\" aria-describedby=\"wpforms-6982-field_5-description\" required><div id=\"wpforms-6982-field_5-description\" class=\"wpforms-field-description\">Recomand\u0103m adresa ta de email.\r\nLa aceast\u0103 adres\u0103 de email vei primi peste c\u00e2teva momente diploma completat\u0103 cu denumirea partenerului completat\u0103 de tine.<\/div><\/div><div id=\"wpforms-6982-field_7-container\" class=\"wpforms-field wpforms-field-radio\" data-field-id=\"7\"><fieldset><legend class=\"wpforms-field-label\">Accept termenii \u0219i condi\u021biile <span class=\"wpforms-required-label\" aria-hidden=\"true\">*<\/span><\/legend><ul id=\"wpforms-6982-field_7\" class=\"wpforms-field-required\"><li class=\"choice-1 depth-1\"><input type=\"radio\" id=\"wpforms-6982-field_7_1\" name=\"wpforms[fields][7]\" value=\"Da, accept.\" aria-errormessage=\"wpforms-6982-field_7_1-error\" aria-describedby=\"wpforms-6982-field_7-description\" required><label class=\"wpforms-field-label-inline\" for=\"wpforms-6982-field_7_1\">Da, accept.<\/label><\/li><\/ul><div id=\"wpforms-6982-field_7-description\" class=\"wpforms-field-description\">Datele pe care le completezi \u00een acest formular vor fi folosite strict pentru a genera acest certificat \u0219i pentru a fi trimis pe adresa ta de email.<\/div><\/fieldset><\/div><\/div><!-- .wpforms-field-container --><div class=\"wpforms-recaptcha-container wpforms-is-recaptcha wpforms-is-recaptcha-type-v2\" ><div class=\"g-recaptcha\" data-sitekey=\"6LcrtA0lAAAAADF90ZIqESHi4Cx3uLCj9a7f1Lvk\"><\/div><input type=\"text\" name=\"g-recaptcha-hidden\" class=\"wpforms-recaptcha-hidden\" style=\"position:absolute!important;clip:rect(0,0,0,0)!important;height:1px!important;width:1px!important;border:0!important;overflow:hidden!important;padding:0!important;margin:0!important;\" data-rule-recaptcha=\"1\"><\/div><div class=\"wpforms-submit-container\" ><input type=\"hidden\" name=\"wpforms[id]\" value=\"6982\"><input type=\"hidden\" name=\"page_title\" value=\"\"><input type=\"hidden\" name=\"page_url\" value=\"https:\/\/dapetresii.ro\/en\/wp-json\/wp\/v2\/pages\/6994\"><input type=\"hidden\" name=\"url_referer\" value=\"\"><button type=\"submit\" name=\"wpforms[submit]\" id=\"wpforms-submit-6982\" class=\"wpforms-submit\" data-alt-text=\"... se trimit datele\" data-submit-text=\"Trimite datele\" aria-live=\"assertive\" value=\"wpforms-submit\">Trimite datele<\/button><\/div><input type=\"hidden\" name=\"trp-form-language\" value=\"en\"\/><\/form><\/div>  <!-- .wpforms-container --><\/div>\n\t\t\t\t\t\t<\/div>\n\t\t\t\t<\/div>\n\t\t\t\t\t<\/div>\n\t\t<\/div>\n\t\t\t\t\t<\/div>\n\t\t<\/section>\n\t\t\t\t<\/div>","protected":false},"excerpt":{"rendered":"","protected":false},"author":1,"featured_media":0,"parent":0,"menu_order":0,"comment_status":"closed","ping_status":"closed","template":"","meta":{"postBodyMargin":[],"postBodyPadding":[],"postBodyBackground":{"backgroundType":"classic","gradient":""},"site-sidebar-layout":"no-sidebar","site-content-layout":"page-builder","ast-site-content-layout":"default","site-content-style":"default","site-sidebar-style":"default","ast-global-header-display":"","ast-banner-title-visibility":"","ast-main-header-display":"","ast-hfb-above-header-display":"","ast-hfb-below-header-display":"","ast-hfb-mobile-header-display":"","site-post-title":"disabled","ast-breadcrumbs-content":"","ast-featured-img":"disabled","footer-sml-layout":"","ast-disable-related-posts":"","theme-transparent-header-meta":"","adv-header-id-meta":"","stick-header-meta":"","header-above-stick-meta":"","header-main-stick-meta":"","header-below-stick-meta":"","astra-migrate-meta-layouts":"default","ast-page-background-enabled":"default","ast-page-background-meta":{"desktop":{"background-color":"","background-image":"","background-repeat":"repeat","background-position":"center center","background-size":"auto","background-attachment":"scroll","background-type":"","background-media":"","overlay-type":"","overlay-color":"","overlay-opacity":"","overlay-gradient":""},"tablet":{"background-color":"","background-image":"","background-repeat":"repeat","background-position":"center center","background-size":"auto","background-attachment":"scroll","background-type":"","background-media":"","overlay-type":"","overlay-color":"","overlay-opacity":"","overlay-gradient":""},"mobile":{"background-color":"","background-image":"","background-repeat":"repeat","background-position":"center center","background-size":"auto","background-attachment":"scroll","background-type":"","background-media":"","overlay-type":"","overlay-color":"","overlay-opacity":"","overlay-gradient":""}},"ast-content-background-meta":{"desktop":{"background-color":"var(--ast-global-color-5)","background-image":"","background-repeat":"repeat","background-position":"center center","background-size":"auto","background-attachment":"scroll","background-type":"","background-media":"","overlay-type":"","overlay-color":"","overlay-opacity":"","overlay-gradient":""},"tablet":{"background-color":"var(--ast-global-color-5)","background-image":"","background-repeat":"repeat","background-position":"center center","background-size":"auto","background-attachment":"scroll","background-type":"","background-media":"","overlay-type":"","overlay-color":"","overlay-opacity":"","overlay-gradient":""},"mobile":{"background-color":"var(--ast-global-color-5)","background-image":"","background-repeat":"repeat","background-position":"center center","background-size":"auto","background-attachment":"scroll","background-type":"","background-media":"","overlay-type":"","overlay-color":"","overlay-opacity":"","overlay-gradient":""}},"footnotes":""},"class_list":["post-6994","page","type-page","status-publish","hentry"],"yoast_head":"<!-- This site is optimized with the Yoast SEO plugin v27.4 - https:\/\/yoast.com\/product\/yoast-seo-wordpress\/ -->\n<title>Test Certificat Silver - Asociatia D&#039;Apetresii<\/title>\n<meta name=\"robots\" content=\"index, follow, max-snippet:-1, max-image-preview:large, max-video-preview:-1\" \/>\n<link rel=\"canonical\" href=\"https:\/\/dapetresii.ro\/en\/test-certificat-silver\/\" \/>\n<meta property=\"og:locale\" content=\"en_GB\" \/>\n<meta property=\"og:type\" content=\"article\" \/>\n<meta property=\"og:title\" content=\"Test Certificat Silver - Asociatia D&#039;Apetresii\" \/>\n<meta property=\"og:url\" content=\"https:\/\/dapetresii.ro\/en\/test-certificat-silver\/\" \/>\n<meta property=\"og:site_name\" content=\"Asociatia D&#039;Apetresii\" \/>\n<meta property=\"article:publisher\" content=\"https:\/\/www.facebook.com\/D.Apetresii\" \/>\n<meta property=\"article:modified_time\" content=\"2024-04-26T08:33:32+00:00\" \/>\n<meta property=\"og:image\" content=\"https:\/\/dapetresii.ro\/wp-content\/uploads\/2022\/08\/AD_LITERE-ICON-COLOR.png\" \/>\n\t<meta property=\"og:image:width\" content=\"3282\" \/>\n\t<meta property=\"og:image:height\" content=\"1943\" \/>\n\t<meta property=\"og:image:type\" content=\"image\/png\" \/>\n<meta name=\"twitter:card\" content=\"summary_large_image\" \/>\n<script type=\"application\/ld+json\" class=\"yoast-schema-graph\">{\"@context\":\"https:\\\/\\\/schema.org\",\"@graph\":[{\"@type\":\"WebPage\",\"@id\":\"https:\\\/\\\/dapetresii.ro\\\/test-certificat-silver\\\/\",\"url\":\"https:\\\/\\\/dapetresii.ro\\\/test-certificat-silver\\\/\",\"name\":\"Test Certificat Silver - Asociatia D&#039;Apetresii\",\"isPartOf\":{\"@id\":\"https:\\\/\\\/dapetresii.ro\\\/#website\"},\"datePublished\":\"2024-04-26T08:28:07+00:00\",\"dateModified\":\"2024-04-26T08:33:32+00:00\",\"breadcrumb\":{\"@id\":\"https:\\\/\\\/dapetresii.ro\\\/test-certificat-silver\\\/#breadcrumb\"},\"inLanguage\":\"en-GB\",\"potentialAction\":[{\"@type\":\"ReadAction\",\"target\":[\"https:\\\/\\\/dapetresii.ro\\\/test-certificat-silver\\\/\"]}]},{\"@type\":\"BreadcrumbList\",\"@id\":\"https:\\\/\\\/dapetresii.ro\\\/test-certificat-silver\\\/#breadcrumb\",\"itemListElement\":[{\"@type\":\"ListItem\",\"position\":1,\"name\":\"Home\",\"item\":\"https:\\\/\\\/dapetresii.ro\\\/\"},{\"@type\":\"ListItem\",\"position\":2,\"name\":\"Test Certificat Silver\"}]},{\"@type\":\"WebSite\",\"@id\":\"https:\\\/\\\/dapetresii.ro\\\/#website\",\"url\":\"https:\\\/\\\/dapetresii.ro\\\/\",\"name\":\"Asociatia D&#039;Apetresii\",\"description\":\"\",\"publisher\":{\"@id\":\"https:\\\/\\\/dapetresii.ro\\\/#organization\"},\"potentialAction\":[{\"@type\":\"SearchAction\",\"target\":{\"@type\":\"EntryPoint\",\"urlTemplate\":\"https:\\\/\\\/dapetresii.ro\\\/?s={search_term_string}\"},\"query-input\":{\"@type\":\"PropertyValueSpecification\",\"valueRequired\":true,\"valueName\":\"search_term_string\"}}],\"inLanguage\":\"en-GB\"},{\"@type\":\"Organization\",\"@id\":\"https:\\\/\\\/dapetresii.ro\\\/#organization\",\"name\":\"Asociatia D'Apetresii\",\"url\":\"https:\\\/\\\/dapetresii.ro\\\/\",\"logo\":{\"@type\":\"ImageObject\",\"inLanguage\":\"en-GB\",\"@id\":\"https:\\\/\\\/dapetresii.ro\\\/#\\\/schema\\\/logo\\\/image\\\/\",\"url\":\"https:\\\/\\\/dapetresii.ro\\\/wp-content\\\/uploads\\\/2022\\\/10\\\/Design-fara-titlu-14.png\",\"contentUrl\":\"https:\\\/\\\/dapetresii.ro\\\/wp-content\\\/uploads\\\/2022\\\/10\\\/Design-fara-titlu-14.png\",\"width\":1000,\"height\":600,\"caption\":\"Asociatia D'Apetresii\"},\"image\":{\"@id\":\"https:\\\/\\\/dapetresii.ro\\\/#\\\/schema\\\/logo\\\/image\\\/\"},\"sameAs\":[\"https:\\\/\\\/www.facebook.com\\\/D.Apetresii\"]}]}<\/script>\n<!-- \/ Yoast SEO plugin. -->","yoast_head_json":{"title":"Test Certificat Silver - Asociatia D&#039;Apetresii","robots":{"index":"index","follow":"follow","max-snippet":"max-snippet:-1","max-image-preview":"max-image-preview:large","max-video-preview":"max-video-preview:-1"},"canonical":"https:\/\/dapetresii.ro\/en\/test-certificat-silver\/","og_locale":"en_GB","og_type":"article","og_title":"Test Certificat Silver - Asociatia D&#039;Apetresii","og_url":"https:\/\/dapetresii.ro\/en\/test-certificat-silver\/","og_site_name":"Asociatia D&#039;Apetresii","article_publisher":"https:\/\/www.facebook.com\/D.Apetresii","article_modified_time":"2024-04-26T08:33:32+00:00","og_image":[{"width":3282,"height":1943,"url":"https:\/\/dapetresii.ro\/wp-content\/uploads\/2022\/08\/AD_LITERE-ICON-COLOR.png","type":"image\/png"}],"twitter_card":"summary_large_image","schema":{"@context":"https:\/\/schema.org","@graph":[{"@type":"WebPage","@id":"https:\/\/dapetresii.ro\/test-certificat-silver\/","url":"https:\/\/dapetresii.ro\/test-certificat-silver\/","name":"Test Certificat Silver - Asociatia D&#039;Apetresii","isPartOf":{"@id":"https:\/\/dapetresii.ro\/#website"},"datePublished":"2024-04-26T08:28:07+00:00","dateModified":"2024-04-26T08:33:32+00:00","breadcrumb":{"@id":"https:\/\/dapetresii.ro\/test-certificat-silver\/#breadcrumb"},"inLanguage":"en-GB","potentialAction":[{"@type":"ReadAction","target":["https:\/\/dapetresii.ro\/test-certificat-silver\/"]}]},{"@type":"BreadcrumbList","@id":"https:\/\/dapetresii.ro\/test-certificat-silver\/#breadcrumb","itemListElement":[{"@type":"ListItem","position":1,"name":"Home","item":"https:\/\/dapetresii.ro\/"},{"@type":"ListItem","position":2,"name":"Test Certificat Silver"}]},{"@type":"WebSite","@id":"https:\/\/dapetresii.ro\/#website","url":"https:\/\/dapetresii.ro\/","name":"Asociatia D&#039;Apetresii","description":"","publisher":{"@id":"https:\/\/dapetresii.ro\/#organization"},"potentialAction":[{"@type":"SearchAction","target":{"@type":"EntryPoint","urlTemplate":"https:\/\/dapetresii.ro\/?s={search_term_string}"},"query-input":{"@type":"PropertyValueSpecification","valueRequired":true,"valueName":"search_term_string"}}],"inLanguage":"en-GB"},{"@type":"Organization","@id":"https:\/\/dapetresii.ro\/#organization","name":"Asociatia D'Apetresii","url":"https:\/\/dapetresii.ro\/","logo":{"@type":"ImageObject","inLanguage":"en-GB","@id":"https:\/\/dapetresii.ro\/#\/schema\/logo\/image\/","url":"https:\/\/dapetresii.ro\/wp-content\/uploads\/2022\/10\/Design-fara-titlu-14.png","contentUrl":"https:\/\/dapetresii.ro\/wp-content\/uploads\/2022\/10\/Design-fara-titlu-14.png","width":1000,"height":600,"caption":"Asociatia D'Apetresii"},"image":{"@id":"https:\/\/dapetresii.ro\/#\/schema\/logo\/image\/"},"sameAs":["https:\/\/www.facebook.com\/D.Apetresii"]}]}},"rttpg_featured_image_url":null,"rttpg_author":{"display_name":"dapetresii","author_link":"https:\/\/dapetresii.ro\/en\/author\/dapetresii\/"},"rttpg_comment":0,"rttpg_category":null,"rttpg_excerpt":null,"_links":{"self":[{"href":"https:\/\/dapetresii.ro\/en\/wp-json\/wp\/v2\/pages\/6994","targetHints":{"allow":["GET"]}}],"collection":[{"href":"https:\/\/dapetresii.ro\/en\/wp-json\/wp\/v2\/pages"}],"about":[{"href":"https:\/\/dapetresii.ro\/en\/wp-json\/wp\/v2\/types\/page"}],"author":[{"embeddable":true,"href":"https:\/\/dapetresii.ro\/en\/wp-json\/wp\/v2\/users\/1"}],"replies":[{"embeddable":true,"href":"https:\/\/dapetresii.ro\/en\/wp-json\/wp\/v2\/comments?post=6994"}],"version-history":[{"count":0,"href":"https:\/\/dapetresii.ro\/en\/wp-json\/wp\/v2\/pages\/6994\/revisions"}],"wp:attachment":[{"href":"https:\/\/dapetresii.ro\/en\/wp-json\/wp\/v2\/media?parent=6994"}],"curies":[{"name":"wp","href":"https:\/\/api.w.org\/{rel}","templated":true}]}}