{"id":1543,"date":"2022-08-15T11:26:52","date_gmt":"2022-08-15T11:26:52","guid":{"rendered":"https:\/\/dapetresii.ro\/?page_id=1543"},"modified":"2024-04-26T15:37:45","modified_gmt":"2024-04-26T15:37:45","slug":"contact-comunitate","status":"publish","type":"page","link":"https:\/\/dapetresii.ro\/en\/contact-comunitate\/","title":{"rendered":"Contact-comunitate"},"content":{"rendered":"<div data-elementor-type=\"wp-page\" data-elementor-id=\"1543\" class=\"elementor elementor-1543\" data-elementor-post-type=\"page\">\n\t\t\t\t\t\t<section class=\"ob-is-breaking-bad elementor-section elementor-top-section elementor-element elementor-element-0bd15b8 elementor-section-boxed elementor-section-height-default elementor-section-height-default wpr-particle-no wpr-jarallax-no wpr-parallax-no wpr-sticky-section-no wpr-equal-height-no\" data-id=\"0bd15b8\" data-element_type=\"section\" data-e-type=\"section\" data-settings=\"{&quot;_ob_bbad_use_it&quot;:&quot;yes&quot;,&quot;_ob_bbad_sssic_use&quot;:&quot;no&quot;,&quot;_ob_glider_is_slider&quot;:&quot;no&quot;}\">\n\t\t\t\t\t\t<div class=\"elementor-container elementor-column-gap-default\">\n\t\t\t\t\t<div class=\"elementor-column elementor-col-100 elementor-top-column elementor-element elementor-element-06ce253\" data-id=\"06ce253\" data-element_type=\"column\" data-e-type=\"column\" data-settings=\"{&quot;_ob_bbad_is_stalker&quot;:&quot;no&quot;,&quot;_ob_teleporter_use&quot;:false,&quot;_ob_column_hoveranimator&quot;:&quot;no&quot;,&quot;_ob_column_has_pseudo&quot;:&quot;no&quot;}\">\n\t\t\t<div class=\"elementor-widget-wrap elementor-element-populated\">\n\t\t\t\t\t\t<div class=\"elementor-element elementor-element-1e5c736 ob-has-background-overlay elementor-widget elementor-widget-shortcode\" data-id=\"1e5c736\" data-element_type=\"widget\" data-e-type=\"widget\" data-settings=\"{&quot;_ob_perspektive_use&quot;:&quot;no&quot;,&quot;_ob_poopart_use&quot;:&quot;yes&quot;,&quot;_ob_shadough_use&quot;:&quot;no&quot;,&quot;_ob_allow_hoveranimator&quot;:&quot;no&quot;,&quot;_ob_widget_stalker_use&quot;:&quot;no&quot;}\" data-widget_type=\"shortcode.default\">\n\t\t\t\t<div class=\"elementor-widget-container\">\n\t\t\t\t\t\t\t<div class=\"elementor-shortcode\"><style id=\"wpforms-css-vars-7072\">\n\t\t\t\t#wpforms-7072 {\n\t\t\t\t\n\t\t\t}\n\t\t\t<\/style><div class=\"wpforms-container wpforms-container-full wpforms-render-modern\" id=\"wpforms-7072\"><form id=\"wpforms-form-7072\" class=\"wpforms-validate wpforms-form\" data-formid=\"7072\" method=\"post\" enctype=\"multipart\/form-data\" action=\"\/wp-json\/wp\/v2\/pages\/1543\" data-token=\"ba3acb102ae89d226cf350809955bdd2\" data-token-time=\"1776861113\" data-trp-original-action=\"\/en\/wp-json\/wp\/v2\/pages\/1543\"><noscript class=\"wpforms-error-noscript\">Please enable JavaScript in your browser to complete this form.<\/noscript><div id=\"wpforms-error-noscript\" style=\"display: none;\">Please enable JavaScript in your browser to complete this form.<\/div><div class=\"wpforms-field-container\"><div id=\"wpforms-7072-field_22-container\" class=\"wpforms-field wpforms-field-text\" data-field-id=\"22\"><label class=\"wpforms-field-label\" for=\"wpforms-7072-field_22\">Denumirea Organiza\u021biei <span class=\"wpforms-required-label\" aria-hidden=\"true\">*<\/span><\/label><input type=\"text\" id=\"wpforms-7072-field_22\" class=\"wpforms-field-medium wpforms-field-required\" name=\"wpforms[fields][22]\" aria-errormessage=\"wpforms-7072-field_22-error\" required><\/div><div id=\"wpforms-7072-field_23-container\" class=\"wpforms-field wpforms-field-text\" data-field-id=\"23\"><label class=\"wpforms-field-label\" for=\"wpforms-7072-field_23\">Sediul Social<\/label><input type=\"text\" id=\"wpforms-7072-field_23\" class=\"wpforms-field-small\" name=\"wpforms[fields][23]\" placeholder=\"Localitate \/ Jude\u021b\" aria-errormessage=\"wpforms-7072-field_23-error\" ><\/div><div id=\"wpforms-7072-field_32-container\" class=\"wpforms-field wpforms-field-number\" data-field-id=\"32\"><label class=\"wpforms-field-label\" for=\"wpforms-7072-field_32\">CUI \/ CIF<\/label><input type=\"number\" id=\"wpforms-7072-field_32\" class=\"wpforms-field-small\" name=\"wpforms[fields][32]\" step=\"any\" aria-errormessage=\"wpforms-7072-field_32-error\" ><\/div><div id=\"wpforms-7072-field_26-container\" class=\"wpforms-field wpforms-field-select wpforms-field-select-style-modern\" data-field-id=\"26\"><label class=\"wpforms-field-label\" for=\"wpforms-7072-field_26\">Calitatea ta \u00een ONG<\/label><select id=\"wpforms-7072-field_26\" class=\"wpforms-field-small choicesjs-select\" data-size-class=\"wpforms-field-row wpforms-field-small\" data-search-enabled=\"\" name=\"wpforms[fields][26][]\" multiple=\"multiple\"><option value=\"\" class=\"placeholder\" disabled><\/option><option value=\"membru fondator\"  class=\"choice-1 depth-1\"  >membru fondator<\/option><option value=\"presedinte \/ director\"  class=\"choice-2 depth-1\"  >presedinte \/ director<\/option><option value=\"alta calitate\"  class=\"choice-3 depth-1\"  >alta calitate<\/option><\/select><\/div><div id=\"wpforms-7072-field_31-container\" class=\"wpforms-field wpforms-field-select wpforms-field-select-style-classic\" data-field-id=\"31\"><label class=\"wpforms-field-label\" for=\"wpforms-7072-field_31\">Cum preferi s\u0103 te contact\u0103m<\/label><select id=\"wpforms-7072-field_31\" class=\"wpforms-field-small\" name=\"wpforms[fields][31]\"><option value=\"telefonic\"  class=\"choice-1 depth-1\"  >telefonic<\/option><option value=\"e-mail\"  class=\"choice-2 depth-1\"  >e-mail<\/option><option value=\"telefon sau email\"  class=\"choice-3 depth-1\"  >telefon sau email<\/option><\/select><div id=\"wpforms-7072-field_31-description\" class=\"wpforms-field-description\">Asigur\u0103-te c\u0103 ne-ai l\u0103sat num\u0103rul de telefon sau adresa de email, ca s\u0103 te putem contacta.<\/div><\/div><div id=\"wpforms-7072-field_28-container\" class=\"wpforms-field wpforms-field-name\" data-field-id=\"28\"><label class=\"wpforms-field-label\" for=\"wpforms-7072-field_28\">Prenume si Nume <span class=\"wpforms-required-label\" aria-hidden=\"true\">*<\/span><\/label><input type=\"text\" id=\"wpforms-7072-field_28\" class=\"wpforms-field-small wpforms-field-required\" name=\"wpforms[fields][28]\" aria-errormessage=\"wpforms-7072-field_28-error\" required><\/div><div id=\"wpforms-7072-field_29-container\" class=\"wpforms-field wpforms-field-phone\" data-field-id=\"29\"><label class=\"wpforms-field-label\" for=\"wpforms-7072-field_29\">Num\u0103r de telefon<\/label><input type=\"tel\" id=\"wpforms-7072-field_29\" class=\"wpforms-field-small\" data-rule-int-phone-field=\"true\" name=\"wpforms[fields][29]\" aria-label=\"Num\u0103r de telefon\" aria-errormessage=\"wpforms-7072-field_29-error\" ><\/div><div id=\"wpforms-7072-field_30-container\" class=\"wpforms-field wpforms-field-email\" data-field-id=\"30\"><label class=\"wpforms-field-label\" for=\"wpforms-7072-field_30\">Adres\u0103 de Email <span class=\"wpforms-required-label\" aria-hidden=\"true\">*<\/span><\/label><input type=\"email\" id=\"wpforms-7072-field_30\" class=\"wpforms-field-small wpforms-field-required\" name=\"wpforms[fields][30]\" spellcheck=\"false\" aria-errormessage=\"wpforms-7072-field_30-error\" aria-describedby=\"wpforms-7072-field_30-description\" required><div id=\"wpforms-7072-field_30-description\" class=\"wpforms-field-description\">\u00cen aceast\u0103 perioad\u0103 vor fi tratate cu prioritate adresele de email profesionale. \r\nVom r\u0103spunde \u0219i la emailuri venite de pe adrese personale ( gmail, yahoo, ...) dar este posibil s\u0103 nu putem r\u0103spunde foarte repede.<\/div><\/div><div id=\"wpforms-7072-field_35-container\" class=\"wpforms-field wpforms-field-checkbox\" data-field-id=\"35\"><fieldset><legend class=\"wpforms-field-label\">Despre care din urm\u0103toarele elemente vrei detalii:<\/legend><ul id=\"wpforms-7072-field_35\"><li class=\"choice-3 depth-1\"><input type=\"checkbox\" id=\"wpforms-7072-field_35_3\" name=\"wpforms[fields][35][]\" value=\"Auditare Tehnic\u0103 IT (din ghid),\" aria-errormessage=\"wpforms-7072-field_35_3-error\"  ><label class=\"wpforms-field-label-inline\" for=\"wpforms-7072-field_35_3\">Auditare Tehnic\u0103 IT (din ghid),<\/label><\/li><li class=\"choice-4 depth-1\"><input type=\"checkbox\" id=\"wpforms-7072-field_35_4\" name=\"wpforms[fields][35][]\" value=\"Auditare Tehnic\u0103 Extins\u0103,\" aria-errormessage=\"wpforms-7072-field_35_4-error\"  ><label class=\"wpforms-field-label-inline\" for=\"wpforms-7072-field_35_4\">Auditare Tehnic\u0103 Extins\u0103,<\/label><\/li><li class=\"choice-5 depth-1\"><input type=\"checkbox\" id=\"wpforms-7072-field_35_5\" name=\"wpforms[fields][35][]\" value=\"Solu\u021bii pentru asigurarea cofinan\u021b\u0103rii proiectului,\" aria-errormessage=\"wpforms-7072-field_35_5-error\"  ><label class=\"wpforms-field-label-inline\" for=\"wpforms-7072-field_35_5\">Solu\u021bii pentru asigurarea cofinan\u021b\u0103rii proiectului,<\/label><\/li><\/ul><\/fieldset><\/div><div id=\"wpforms-7072-field_33-container\" class=\"wpforms-field wpforms-field-textarea\" data-field-id=\"33\"><label class=\"wpforms-field-label\" for=\"wpforms-7072-field_33\">Dac\u0103 vrei s\u0103 ne mai scrii ceva ...<\/label><textarea id=\"wpforms-7072-field_33\" class=\"wpforms-field-small\" name=\"wpforms[fields][33]\" aria-errormessage=\"wpforms-7072-field_33-error\" ><\/textarea><\/div><div id=\"wpforms-7072-field_48-container\" class=\"wpforms-field wpforms-field-text\" data-field-id=\"48\"><label class=\"wpforms-field-label\" for=\"wpforms-7072-field_48\">Te rug\u0103m s\u0103 ne spui de la cine sau cum ai aflat de noi \/ de oferta noastr\u0103.<\/label><input type=\"text\" id=\"wpforms-7072-field_48\" class=\"wpforms-field-medium\" name=\"wpforms[fields][48]\" aria-errormessage=\"wpforms-7072-field_48-error\" ><\/div><\/div><!-- .wpforms-field-container --><div class=\"wpforms-recaptcha-container wpforms-is-recaptcha wpforms-is-recaptcha-type-v2\" ><div class=\"g-recaptcha\" data-sitekey=\"6LcrtA0lAAAAADF90ZIqESHi4Cx3uLCj9a7f1Lvk\"><\/div><input type=\"text\" name=\"g-recaptcha-hidden\" class=\"wpforms-recaptcha-hidden\" style=\"position:absolute!important;clip:rect(0,0,0,0)!important;height:1px!important;width:1px!important;border:0!important;overflow:hidden!important;padding:0!important;margin:0!important;\" data-rule-recaptcha=\"1\"><\/div><div class=\"wpforms-submit-container\" ><input type=\"hidden\" name=\"wpforms[id]\" value=\"7072\"><input type=\"hidden\" name=\"page_title\" value=\"\"><input type=\"hidden\" name=\"page_url\" value=\"https:\/\/dapetresii.ro\/en\/wp-json\/wp\/v2\/pages\/1543\"><input type=\"hidden\" name=\"url_referer\" value=\"\"><button type=\"submit\" name=\"wpforms[submit]\" id=\"wpforms-submit-7072\" class=\"wpforms-submit\" data-alt-text=\"... se trimite\" data-submit-text=\"Trimite\" aria-live=\"assertive\" value=\"wpforms-submit\">Trimite<\/button><\/div><input type=\"hidden\" name=\"trp-form-language\" value=\"en\"\/><\/form><\/div>  <!-- .wpforms-container --><\/div>\n\t\t\t\t\t\t<\/div>\n\t\t\t\t<\/div>\n\t\t\t\t\t<\/div>\n\t\t<\/div>\n\t\t\t\t\t<\/div>\n\t\t<\/section>\n\t\t\t\t<\/div>","protected":false},"excerpt":{"rendered":"","protected":false},"author":1,"featured_media":3748,"parent":0,"menu_order":0,"comment_status":"closed","ping_status":"closed","template":"elementor_header_footer","meta":{"postBodyMargin":[],"postBodyPadding":[],"postBodyBackground":{"backgroundType":"classic","gradient":""},"site-sidebar-layout":"no-sidebar","site-content-layout":"page-builder","ast-site-content-layout":"default","site-content-style":"default","site-sidebar-style":"default","ast-global-header-display":"","ast-banner-title-visibility":"","ast-main-header-display":"","ast-hfb-above-header-display":"","ast-hfb-below-header-display":"","ast-hfb-mobile-header-display":"","site-post-title":"disabled","ast-breadcrumbs-content":null,"ast-featured-img":"disabled","footer-sml-layout":"","ast-disable-related-posts":"","theme-transparent-header-meta":"","adv-header-id-meta":null,"stick-header-meta":null,"header-above-stick-meta":null,"header-main-stick-meta":null,"header-below-stick-meta":null,"astra-migrate-meta-layouts":"default","ast-page-background-enabled":"default","ast-page-background-meta":{"desktop":{"background-color":"","background-image":"","background-repeat":"repeat","background-position":"center center","background-size":"auto","background-attachment":"scroll","background-type":"","background-media":"","overlay-type":"","overlay-color":"","overlay-opacity":"","overlay-gradient":""},"tablet":{"background-color":"","background-image":"","background-repeat":"repeat","background-position":"center center","background-size":"auto","background-attachment":"scroll","background-type":"","background-media":"","overlay-type":"","overlay-color":"","overlay-opacity":"","overlay-gradient":""},"mobile":{"background-color":"","background-image":"","background-repeat":"repeat","background-position":"center center","background-size":"auto","background-attachment":"scroll","background-type":"","background-media":"","overlay-type":"","overlay-color":"","overlay-opacity":"","overlay-gradient":""}},"ast-content-background-meta":{"desktop":{"background-color":"var(--ast-global-color-5)","background-image":"","background-repeat":"repeat","background-position":"center center","background-size":"auto","background-attachment":"scroll","background-type":"","background-media":"","overlay-type":"","overlay-color":"","overlay-opacity":"","overlay-gradient":""},"tablet":{"background-color":"var(--ast-global-color-5)","background-image":"","background-repeat":"repeat","background-position":"center center","background-size":"auto","background-attachment":"scroll","background-type":"","background-media":"","overlay-type":"","overlay-color":"","overlay-opacity":"","overlay-gradient":""},"mobile":{"background-color":"var(--ast-global-color-5)","background-image":"","background-repeat":"repeat","background-position":"center center","background-size":"auto","background-attachment":"scroll","background-type":"","background-media":"","overlay-type":"","overlay-color":"","overlay-opacity":"","overlay-gradient":""}},"footnotes":""},"class_list":["post-1543","page","type-page","status-publish","has-post-thumbnail","hentry"],"yoast_head":"<!-- This site is optimized with the Yoast SEO plugin v27.4 - https:\/\/yoast.com\/product\/yoast-seo-wordpress\/ -->\n<title>Contact-comunitate - Asociatia D&#039;Apetresii<\/title>\n<meta name=\"robots\" content=\"index, follow, max-snippet:-1, max-image-preview:large, max-video-preview:-1\" \/>\n<link rel=\"canonical\" href=\"https:\/\/dapetresii.ro\/en\/contact-comunitate\/\" \/>\n<meta property=\"og:locale\" content=\"en_GB\" \/>\n<meta property=\"og:type\" content=\"article\" \/>\n<meta property=\"og:title\" content=\"Contact-comunitate - Asociatia D&#039;Apetresii\" \/>\n<meta property=\"og:url\" content=\"https:\/\/dapetresii.ro\/en\/contact-comunitate\/\" \/>\n<meta property=\"og:site_name\" content=\"Asociatia D&#039;Apetresii\" \/>\n<meta property=\"article:publisher\" content=\"https:\/\/www.facebook.com\/D.Apetresii\" \/>\n<meta property=\"article:modified_time\" content=\"2024-04-26T15:37:45+00:00\" \/>\n<meta property=\"og:image\" content=\"https:\/\/dapetresii.ro\/wp-content\/uploads\/2022\/10\/Design-fara-titlu-14.png\" \/>\n\t<meta property=\"og:image:width\" content=\"1000\" \/>\n\t<meta property=\"og:image:height\" content=\"600\" \/>\n\t<meta property=\"og:image:type\" content=\"image\/png\" \/>\n<meta name=\"twitter:card\" content=\"summary_large_image\" \/>\n<script type=\"application\/ld+json\" class=\"yoast-schema-graph\">{\"@context\":\"https:\\\/\\\/schema.org\",\"@graph\":[{\"@type\":\"WebPage\",\"@id\":\"https:\\\/\\\/dapetresii.ro\\\/contact-comunitate\\\/\",\"url\":\"https:\\\/\\\/dapetresii.ro\\\/contact-comunitate\\\/\",\"name\":\"Contact-comunitate - Asociatia D&#039;Apetresii\",\"isPartOf\":{\"@id\":\"https:\\\/\\\/dapetresii.ro\\\/#website\"},\"primaryImageOfPage\":{\"@id\":\"https:\\\/\\\/dapetresii.ro\\\/contact-comunitate\\\/#primaryimage\"},\"image\":{\"@id\":\"https:\\\/\\\/dapetresii.ro\\\/contact-comunitate\\\/#primaryimage\"},\"thumbnailUrl\":\"https:\\\/\\\/dapetresii.ro\\\/wp-content\\\/uploads\\\/2022\\\/10\\\/Design-fara-titlu-14.png\",\"datePublished\":\"2022-08-15T11:26:52+00:00\",\"dateModified\":\"2024-04-26T15:37:45+00:00\",\"breadcrumb\":{\"@id\":\"https:\\\/\\\/dapetresii.ro\\\/contact-comunitate\\\/#breadcrumb\"},\"inLanguage\":\"en-GB\",\"potentialAction\":[{\"@type\":\"ReadAction\",\"target\":[\"https:\\\/\\\/dapetresii.ro\\\/contact-comunitate\\\/\"]}]},{\"@type\":\"ImageObject\",\"inLanguage\":\"en-GB\",\"@id\":\"https:\\\/\\\/dapetresii.ro\\\/contact-comunitate\\\/#primaryimage\",\"url\":\"https:\\\/\\\/dapetresii.ro\\\/wp-content\\\/uploads\\\/2022\\\/10\\\/Design-fara-titlu-14.png\",\"contentUrl\":\"https:\\\/\\\/dapetresii.ro\\\/wp-content\\\/uploads\\\/2022\\\/10\\\/Design-fara-titlu-14.png\",\"width\":1000,\"height\":600},{\"@type\":\"BreadcrumbList\",\"@id\":\"https:\\\/\\\/dapetresii.ro\\\/contact-comunitate\\\/#breadcrumb\",\"itemListElement\":[{\"@type\":\"ListItem\",\"position\":1,\"name\":\"Home\",\"item\":\"https:\\\/\\\/dapetresii.ro\\\/\"},{\"@type\":\"ListItem\",\"position\":2,\"name\":\"Contact-comunitate\"}]},{\"@type\":\"WebSite\",\"@id\":\"https:\\\/\\\/dapetresii.ro\\\/#website\",\"url\":\"https:\\\/\\\/dapetresii.ro\\\/\",\"name\":\"Asociatia D&#039;Apetresii\",\"description\":\"\",\"publisher\":{\"@id\":\"https:\\\/\\\/dapetresii.ro\\\/#organization\"},\"potentialAction\":[{\"@type\":\"SearchAction\",\"target\":{\"@type\":\"EntryPoint\",\"urlTemplate\":\"https:\\\/\\\/dapetresii.ro\\\/?s={search_term_string}\"},\"query-input\":{\"@type\":\"PropertyValueSpecification\",\"valueRequired\":true,\"valueName\":\"search_term_string\"}}],\"inLanguage\":\"en-GB\"},{\"@type\":\"Organization\",\"@id\":\"https:\\\/\\\/dapetresii.ro\\\/#organization\",\"name\":\"Asociatia D'Apetresii\",\"url\":\"https:\\\/\\\/dapetresii.ro\\\/\",\"logo\":{\"@type\":\"ImageObject\",\"inLanguage\":\"en-GB\",\"@id\":\"https:\\\/\\\/dapetresii.ro\\\/#\\\/schema\\\/logo\\\/image\\\/\",\"url\":\"https:\\\/\\\/dapetresii.ro\\\/wp-content\\\/uploads\\\/2022\\\/10\\\/Design-fara-titlu-14.png\",\"contentUrl\":\"https:\\\/\\\/dapetresii.ro\\\/wp-content\\\/uploads\\\/2022\\\/10\\\/Design-fara-titlu-14.png\",\"width\":1000,\"height\":600,\"caption\":\"Asociatia D'Apetresii\"},\"image\":{\"@id\":\"https:\\\/\\\/dapetresii.ro\\\/#\\\/schema\\\/logo\\\/image\\\/\"},\"sameAs\":[\"https:\\\/\\\/www.facebook.com\\\/D.Apetresii\"]}]}<\/script>\n<!-- \/ Yoast SEO plugin. -->","yoast_head_json":{"title":"Contact-comunitate - Asociatia D&#039;Apetresii","robots":{"index":"index","follow":"follow","max-snippet":"max-snippet:-1","max-image-preview":"max-image-preview:large","max-video-preview":"max-video-preview:-1"},"canonical":"https:\/\/dapetresii.ro\/en\/contact-comunitate\/","og_locale":"en_GB","og_type":"article","og_title":"Contact-comunitate - Asociatia D&#039;Apetresii","og_url":"https:\/\/dapetresii.ro\/en\/contact-comunitate\/","og_site_name":"Asociatia D&#039;Apetresii","article_publisher":"https:\/\/www.facebook.com\/D.Apetresii","article_modified_time":"2024-04-26T15:37:45+00:00","og_image":[{"width":1000,"height":600,"url":"https:\/\/dapetresii.ro\/wp-content\/uploads\/2022\/10\/Design-fara-titlu-14.png","type":"image\/png"}],"twitter_card":"summary_large_image","schema":{"@context":"https:\/\/schema.org","@graph":[{"@type":"WebPage","@id":"https:\/\/dapetresii.ro\/contact-comunitate\/","url":"https:\/\/dapetresii.ro\/contact-comunitate\/","name":"Contact-comunitate - Asociatia D&#039;Apetresii","isPartOf":{"@id":"https:\/\/dapetresii.ro\/#website"},"primaryImageOfPage":{"@id":"https:\/\/dapetresii.ro\/contact-comunitate\/#primaryimage"},"image":{"@id":"https:\/\/dapetresii.ro\/contact-comunitate\/#primaryimage"},"thumbnailUrl":"https:\/\/dapetresii.ro\/wp-content\/uploads\/2022\/10\/Design-fara-titlu-14.png","datePublished":"2022-08-15T11:26:52+00:00","dateModified":"2024-04-26T15:37:45+00:00","breadcrumb":{"@id":"https:\/\/dapetresii.ro\/contact-comunitate\/#breadcrumb"},"inLanguage":"en-GB","potentialAction":[{"@type":"ReadAction","target":["https:\/\/dapetresii.ro\/contact-comunitate\/"]}]},{"@type":"ImageObject","inLanguage":"en-GB","@id":"https:\/\/dapetresii.ro\/contact-comunitate\/#primaryimage","url":"https:\/\/dapetresii.ro\/wp-content\/uploads\/2022\/10\/Design-fara-titlu-14.png","contentUrl":"https:\/\/dapetresii.ro\/wp-content\/uploads\/2022\/10\/Design-fara-titlu-14.png","width":1000,"height":600},{"@type":"BreadcrumbList","@id":"https:\/\/dapetresii.ro\/contact-comunitate\/#breadcrumb","itemListElement":[{"@type":"ListItem","position":1,"name":"Home","item":"https:\/\/dapetresii.ro\/"},{"@type":"ListItem","position":2,"name":"Contact-comunitate"}]},{"@type":"WebSite","@id":"https:\/\/dapetresii.ro\/#website","url":"https:\/\/dapetresii.ro\/","name":"Asociatia D&#039;Apetresii","description":"","publisher":{"@id":"https:\/\/dapetresii.ro\/#organization"},"potentialAction":[{"@type":"SearchAction","target":{"@type":"EntryPoint","urlTemplate":"https:\/\/dapetresii.ro\/?s={search_term_string}"},"query-input":{"@type":"PropertyValueSpecification","valueRequired":true,"valueName":"search_term_string"}}],"inLanguage":"en-GB"},{"@type":"Organization","@id":"https:\/\/dapetresii.ro\/#organization","name":"Asociatia D'Apetresii","url":"https:\/\/dapetresii.ro\/","logo":{"@type":"ImageObject","inLanguage":"en-GB","@id":"https:\/\/dapetresii.ro\/#\/schema\/logo\/image\/","url":"https:\/\/dapetresii.ro\/wp-content\/uploads\/2022\/10\/Design-fara-titlu-14.png","contentUrl":"https:\/\/dapetresii.ro\/wp-content\/uploads\/2022\/10\/Design-fara-titlu-14.png","width":1000,"height":600,"caption":"Asociatia D'Apetresii"},"image":{"@id":"https:\/\/dapetresii.ro\/#\/schema\/logo\/image\/"},"sameAs":["https:\/\/www.facebook.com\/D.Apetresii"]}]}},"rttpg_featured_image_url":{"full":["https:\/\/dapetresii.ro\/wp-content\/uploads\/2022\/10\/Design-fara-titlu-14.png",1000,600,false],"landscape":["https:\/\/dapetresii.ro\/wp-content\/uploads\/2022\/10\/Design-fara-titlu-14.png",1000,600,false],"portraits":["https:\/\/dapetresii.ro\/wp-content\/uploads\/2022\/10\/Design-fara-titlu-14.png",1000,600,false],"thumbnail":["https:\/\/dapetresii.ro\/wp-content\/uploads\/2022\/10\/Design-fara-titlu-14-150x150.png",150,150,true],"medium":["https:\/\/dapetresii.ro\/wp-content\/uploads\/2022\/10\/Design-fara-titlu-14-300x180.png",300,180,true],"large":["https:\/\/dapetresii.ro\/wp-content\/uploads\/2022\/10\/Design-fara-titlu-14.png",1000,600,false],"1536x1536":["https:\/\/dapetresii.ro\/wp-content\/uploads\/2022\/10\/Design-fara-titlu-14.png",1000,600,false],"2048x2048":["https:\/\/dapetresii.ro\/wp-content\/uploads\/2022\/10\/Design-fara-titlu-14.png",1000,600,false],"trp-custom-language-flag":["https:\/\/dapetresii.ro\/wp-content\/uploads\/2022\/10\/Design-fara-titlu-14-18x12.png",18,12,true]},"rttpg_author":{"display_name":"dapetresii","author_link":"https:\/\/dapetresii.ro\/en\/author\/dapetresii\/"},"rttpg_comment":0,"rttpg_category":null,"rttpg_excerpt":null,"_links":{"self":[{"href":"https:\/\/dapetresii.ro\/en\/wp-json\/wp\/v2\/pages\/1543","targetHints":{"allow":["GET"]}}],"collection":[{"href":"https:\/\/dapetresii.ro\/en\/wp-json\/wp\/v2\/pages"}],"about":[{"href":"https:\/\/dapetresii.ro\/en\/wp-json\/wp\/v2\/types\/page"}],"author":[{"embeddable":true,"href":"https:\/\/dapetresii.ro\/en\/wp-json\/wp\/v2\/users\/1"}],"replies":[{"embeddable":true,"href":"https:\/\/dapetresii.ro\/en\/wp-json\/wp\/v2\/comments?post=1543"}],"version-history":[{"count":0,"href":"https:\/\/dapetresii.ro\/en\/wp-json\/wp\/v2\/pages\/1543\/revisions"}],"wp:featuredmedia":[{"embeddable":true,"href":"https:\/\/dapetresii.ro\/en\/wp-json\/wp\/v2\/media\/3748"}],"wp:attachment":[{"href":"https:\/\/dapetresii.ro\/en\/wp-json\/wp\/v2\/media?parent=1543"}],"curies":[{"name":"wp","href":"https:\/\/api.w.org\/{rel}","templated":true}]}}